{"id":2,"date":"2016-05-10T03:48:21","date_gmt":"2016-05-10T03:48:21","guid":{"rendered":"https:\/\/nackler.com\/?page_id=2"},"modified":"2022-08-21T13:34:19","modified_gmt":"2022-08-21T13:34:19","slug":"sample-page","status":"publish","type":"page","link":"https:\/\/www.nackler.com\/?page_id=2","title":{"rendered":"\u00dcber den K\u00fcnstler"},"content":{"rendered":"\n<p><\/p>\n\n\n\n<p>Karl Nackler war bereits w\u00e4hrend seines Berufslebens als Manager eines K\u00e4rntner Energieunternehmens mit der Kunst verbunden und als Zeichner und Maler t\u00e4tig. Neben zahlreichen Malkursen besuchte er Spezialisierungskurse von Willfried Steurer (Karikatur), von Mag. Ulrike Reinwald (Akt und das Portr\u00e4t) und vielfach das Kunstforum &#8222;Zeitlos&#8220; von Herbert Schwei. In j\u00fcngster Zeit hat sich der K\u00fcnstler auf Kreidezeichnungen auf schwarzem Papier konzentriert, die Themen wie &#8222;K\u00e4rntner K\u00fcnstler&#8220;, &#8222;ber\u00fchmte Architekten&#8220;, &#8222;namhafte Dirigenten&#8220;, &#8222;H\u00e4nde alter Menschen&#8220;,&#8220; International ber\u00fchmte Pers\u00f6nlichkeiten &#8222;und&#8220; Akte &#8222;behandeln. Mit seiner Leidenschaft, in Wei\u00df auf Schwarz zu zeichnen, strebt er sehr detaillierte Ikonografien von fotografischer Qualit\u00e4t an, eine Technik, die es ihm erm\u00f6glicht, ein Maximum an Kontrasten zu erreichen. Die Interpretation von Hell und Dunkel, von Licht und Schatten verleiht der Arbeit des K\u00fcnstlers einen intensiveren und \u00e4sthetischeren Ausdruck und bringt den ganzen Charme der Arbeit selbst zur Geltung.<\/p>\n\n\n\n<p>Karl Nackler hat an einer Ex-Tempore-Malerei in Tavgnacco\/Udine teilgenommen und eine Einzelausstellung in Friaul pr\u00e4sentiert. Am P\u00e4dagogischen Institut Klagenfurt pr\u00e4sentierte er eine umfangreiche pers\u00f6nliche Ausstellung und nahm an einer Gruppenausstellung in K\u00f6ln teil. Anl\u00e4sslich mehrerer Ausstellungen in Klagenfurt hat er G\u00e4sten und den K\u00fcnstlern aus Friaul seine Reverenz erwiesen und auch Portr\u00e4ts ber\u00fchmter italienischer Pers\u00f6nlichkeiten und Aktzeichnungen pr\u00e4sentiert, ebenso wie in einer Ausstellung in Slowenien den slowenischen Pers\u00f6nlichkeiten. Im Europahaus in Klagenfurt wurden seine Portraits von Gr\u00fcnderv\u00e4tern der EU ausgestellt. In Wien pr\u00e4sentierte er in der Galerie Kreativraum eine Auswahl seiner Bilder unter dem Titel Liebe auf den ersten Blick.<\/p>\n\n\n\n<p>In weiteren Ausstellungen in K\u00e4rnten und Italien wurde vermehrt Pastellkreide, d.h. zus\u00e4tzlich zarte Farbe zum Schwarz-Wei\u00df dazugef\u00fcgt und auf diese Weise Stillleben und eine Serie von detailreichen Insektenbildern gezeigt. Auch Blumenbilder in Pastell in dem den K\u00fcnstler eigenen Stil \u201eauf schwarzem Karton\u201c sind Teil seiner k\u00fcnstlerischen T\u00e4tigkeit.<\/p>\n","protected":false},"excerpt":{"rendered":"<p>Karl Nackler war bereits w\u00e4hrend seines Berufslebens als Manager eines K\u00e4rntner Energieunternehmens mit der Kunst verbunden und als Zeichner und Maler t\u00e4tig. Neben zahlreichen Malkursen besuchte er Spezialisierungskurse von Willfried Steurer (Karikatur), von Mag. Ulrike Reinwald (Akt und das Portr\u00e4t) und vielfach das Kunstforum &#8222;Zeitlos&#8220; von Herbert Schwei. In j\u00fcngster Zeit hat sich der K\u00fcnstler [&hellip;]<\/p>\n","protected":false},"author":1,"featured_media":0,"parent":0,"menu_order":0,"comment_status":"closed","ping_status":"open","template":"","meta":{"footnotes":""},"class_list":["post-2","page","type-page","status-publish","hentry","missing-thumbnail"],"_links":{"self":[{"href":"https:\/\/www.nackler.com\/index.php?rest_route=\/wp\/v2\/pages\/2"}],"collection":[{"href":"https:\/\/www.nackler.com\/index.php?rest_route=\/wp\/v2\/pages"}],"about":[{"href":"https:\/\/www.nackler.com\/index.php?rest_route=\/wp\/v2\/types\/page"}],"author":[{"embeddable":true,"href":"https:\/\/www.nackler.com\/index.php?rest_route=\/wp\/v2\/users\/1"}],"replies":[{"embeddable":true,"href":"https:\/\/www.nackler.com\/index.php?rest_route=%2Fwp%2Fv2%2Fcomments&post=2"}],"version-history":[{"count":6,"href":"https:\/\/www.nackler.com\/index.php?rest_route=\/wp\/v2\/pages\/2\/revisions"}],"predecessor-version":[{"id":239,"href":"https:\/\/www.nackler.com\/index.php?rest_route=\/wp\/v2\/pages\/2\/revisions\/239"}],"wp:attachment":[{"href":"https:\/\/www.nackler.com\/index.php?rest_route=%2Fwp%2Fv2%2Fmedia&parent=2"}],"curies":[{"name":"wp","href":"https:\/\/api.w.org\/{rel}","templated":true}]}}